{"id":40,"date":"2023-01-16T12:41:20","date_gmt":"2023-01-16T12:41:20","guid":{"rendered":"https:\/\/metaspin.c2n.universite-paris-saclay.fr\/?page_id=40"},"modified":"2023-01-16T17:06:07","modified_gmt":"2023-01-16T16:06:07","slug":"the-consortium","status":"publish","type":"page","link":"https:\/\/metaspin.c2n.universite-paris-saclay.fr\/?page_id=40","title":{"rendered":"The consortium"},"content":{"rendered":"<div class=\"wp-block-image\">\n<figure class=\"aligncenter size-full is-resized\"><img decoding=\"async\" loading=\"lazy\" src=\"https:\/\/metaspin.c2n.universite-paris-saclay.fr\/wp-content\/uploads\/2023\/01\/Consortium-1.png\" alt=\"\" class=\"wp-image-81\" width=\"578\" height=\"380\" srcset=\"https:\/\/metaspin.c2n.universite-paris-saclay.fr\/wp-content\/uploads\/2023\/01\/Consortium-1.png 701w, https:\/\/metaspin.c2n.universite-paris-saclay.fr\/wp-content\/uploads\/2023\/01\/Consortium-1-300x197.png 300w, https:\/\/metaspin.c2n.universite-paris-saclay.fr\/wp-content\/uploads\/2023\/01\/Consortium-1-612x402.png 612w\" sizes=\"(max-width: 578px) 100vw, 578px\" \/><figcaption class=\"wp-element-caption\"><em>New (yellow) and existing (orange lines) collaborations. Main expertise (D: devices, M: materials, A: algorithms, N: neuroscience).<\/em><\/figcaption><\/figure><\/div>\n\n\n<p><\/p>\n\n\n\n<p>We will build on successful existing and previous collaborations between the partners to establish new research and technological paths. Our collaborative effort in a wide variety of disciplines will span through materials engineering, device fabrication, neuroscience, matching device physics to algorithm design and synaptic activity, and the realisation of a novel ANN demonstrator with enhanced capabilities. <\/p>\n\n\n\n<p><\/p>\n\n\n\n<p>From the eight partners in METASPIN there are three Universities:<\/p>\n\n\n<div class=\"wp-block-image\">\n<figure class=\"alignleft size-large is-resized\"><img decoding=\"async\" loading=\"lazy\" src=\"https:\/\/metaspin.c2n.universite-paris-saclay.fr\/wp-content\/uploads\/2023\/01\/UPSaclay-1-1024x448.png\" alt=\"\" class=\"wp-image-122\" width=\"280\" height=\"123\" srcset=\"https:\/\/metaspin.c2n.universite-paris-saclay.fr\/wp-content\/uploads\/2023\/01\/UPSaclay-1-1024x448.png 1024w, https:\/\/metaspin.c2n.universite-paris-saclay.fr\/wp-content\/uploads\/2023\/01\/UPSaclay-1-300x131.png 300w, https:\/\/metaspin.c2n.universite-paris-saclay.fr\/wp-content\/uploads\/2023\/01\/UPSaclay-1-768x336.png 768w, https:\/\/metaspin.c2n.universite-paris-saclay.fr\/wp-content\/uploads\/2023\/01\/UPSaclay-1-1536x672.png 1536w, https:\/\/metaspin.c2n.universite-paris-saclay.fr\/wp-content\/uploads\/2023\/01\/UPSaclay-1-612x268.png 612w, https:\/\/metaspin.c2n.universite-paris-saclay.fr\/wp-content\/uploads\/2023\/01\/UPSaclay-1-1224x536.png 1224w, https:\/\/metaspin.c2n.universite-paris-saclay.fr\/wp-content\/uploads\/2023\/01\/UPSaclay-1-936x410.png 936w, https:\/\/metaspin.c2n.universite-paris-saclay.fr\/wp-content\/uploads\/2023\/01\/UPSaclay-1-1440x630.png 1440w, https:\/\/metaspin.c2n.universite-paris-saclay.fr\/wp-content\/uploads\/2023\/01\/UPSaclay-1-720x315.png 720w, https:\/\/metaspin.c2n.universite-paris-saclay.fr\/wp-content\/uploads\/2023\/01\/UPSaclay-1.png 1714w\" sizes=\"(max-width: 280px) 100vw, 280px\" \/><figcaption class=\"wp-element-caption\">     <\/figcaption><\/figure><\/div>\n\n\n<p><a href=\"https:\/\/metaspin.c2n.universite-paris-saclay.fr\/?page_id=95\" data-type=\"page\" data-id=\"95\">Liza Herrera Diez (coordinator)<\/a><\/p>\n\n\n\n<p><a href=\"https:\/\/metaspin.c2n.universite-paris-saclay.fr\/?page_id=98\" data-type=\"page\" data-id=\"98\">Damien Querlioz<\/a><\/p>\n\n\n\n<p><a href=\"https:\/\/metaspin.c2n.universite-paris-saclay.fr\/?page_id=106\" data-type=\"page\" data-id=\"106\">Dafin\u00e9 Ravelosona<\/a><\/p>\n\n\n\n<p><a href=\"https:\/\/www.universite-paris-saclay.fr\/en\">Universit\u00e9 Paris Saclay<\/a><\/p>\n\n\n\n<p class=\"has-white-color has-text-color\">jj<\/p>\n\n\n\n<p><\/p>\n\n\n\n<p><\/p>\n\n\n<div class=\"wp-block-image\">\n<figure class=\"alignleft size-large is-resized\"><img decoding=\"async\" loading=\"lazy\" src=\"https:\/\/metaspin.c2n.universite-paris-saclay.fr\/wp-content\/uploads\/2023\/01\/Brno-1024x338.png\" alt=\"\" class=\"wp-image-116\" width=\"282\" height=\"94\" srcset=\"https:\/\/metaspin.c2n.universite-paris-saclay.fr\/wp-content\/uploads\/2023\/01\/Brno-1024x338.png 1024w, https:\/\/metaspin.c2n.universite-paris-saclay.fr\/wp-content\/uploads\/2023\/01\/Brno-300x99.png 300w, https:\/\/metaspin.c2n.universite-paris-saclay.fr\/wp-content\/uploads\/2023\/01\/Brno-768x254.png 768w, https:\/\/metaspin.c2n.universite-paris-saclay.fr\/wp-content\/uploads\/2023\/01\/Brno-1536x507.png 1536w, https:\/\/metaspin.c2n.universite-paris-saclay.fr\/wp-content\/uploads\/2023\/01\/Brno-612x202.png 612w, https:\/\/metaspin.c2n.universite-paris-saclay.fr\/wp-content\/uploads\/2023\/01\/Brno-1224x404.png 1224w, https:\/\/metaspin.c2n.universite-paris-saclay.fr\/wp-content\/uploads\/2023\/01\/Brno-936x309.png 936w, https:\/\/metaspin.c2n.universite-paris-saclay.fr\/wp-content\/uploads\/2023\/01\/Brno-1872x618.png 1872w, https:\/\/metaspin.c2n.universite-paris-saclay.fr\/wp-content\/uploads\/2023\/01\/Brno-1440x475.png 1440w, https:\/\/metaspin.c2n.universite-paris-saclay.fr\/wp-content\/uploads\/2023\/01\/Brno-720x238.png 720w, https:\/\/metaspin.c2n.universite-paris-saclay.fr\/wp-content\/uploads\/2023\/01\/Brno.png 1875w\" sizes=\"(max-width: 282px) 100vw, 282px\" \/><\/figure><\/div>\n\n\n<p>Vojt\u011bch Uhl\u00ed\u0159<\/p>\n\n\n\n<p>Michal Urbanek<\/p>\n\n\n\n<p><a href=\"https:\/\/www.vut.cz\/en\/\">Brno University of Technology<\/a><\/p>\n\n\n\n<p class=\"has-white-color has-text-color\">jj<\/p>\n\n\n<div class=\"wp-block-image\">\n<figure class=\"alignleft size-large is-resized\"><img decoding=\"async\" loading=\"lazy\" src=\"https:\/\/metaspin.c2n.universite-paris-saclay.fr\/wp-content\/uploads\/2023\/01\/UZH-1024x376.png\" alt=\"\" class=\"wp-image-118\" width=\"277\" height=\"101\" srcset=\"https:\/\/metaspin.c2n.universite-paris-saclay.fr\/wp-content\/uploads\/2023\/01\/UZH-1024x376.png 1024w, https:\/\/metaspin.c2n.universite-paris-saclay.fr\/wp-content\/uploads\/2023\/01\/UZH-300x110.png 300w, https:\/\/metaspin.c2n.universite-paris-saclay.fr\/wp-content\/uploads\/2023\/01\/UZH-768x282.png 768w, https:\/\/metaspin.c2n.universite-paris-saclay.fr\/wp-content\/uploads\/2023\/01\/UZH-1536x564.png 1536w, https:\/\/metaspin.c2n.universite-paris-saclay.fr\/wp-content\/uploads\/2023\/01\/UZH-2048x753.png 2048w, https:\/\/metaspin.c2n.universite-paris-saclay.fr\/wp-content\/uploads\/2023\/01\/UZH-612x225.png 612w, https:\/\/metaspin.c2n.universite-paris-saclay.fr\/wp-content\/uploads\/2023\/01\/UZH-1224x450.png 1224w, https:\/\/metaspin.c2n.universite-paris-saclay.fr\/wp-content\/uploads\/2023\/01\/UZH-936x344.png 936w, https:\/\/metaspin.c2n.universite-paris-saclay.fr\/wp-content\/uploads\/2023\/01\/UZH-1872x688.png 1872w, https:\/\/metaspin.c2n.universite-paris-saclay.fr\/wp-content\/uploads\/2023\/01\/UZH-1440x529.png 1440w, https:\/\/metaspin.c2n.universite-paris-saclay.fr\/wp-content\/uploads\/2023\/01\/UZH-720x265.png 720w\" sizes=\"(max-width: 277px) 100vw, 277px\" \/><\/figure><\/div>\n\n\n<p>Melika Payvand<\/p>\n\n\n\n<p>Giacomo Indivieri<\/p>\n\n\n\n<p><a href=\"https:\/\/www.uzh.ch\/en.html\">University of Zurich<\/a> <\/p>\n\n\n\n<p class=\"has-white-color has-text-color\">jj<\/p>\n\n\n\n<p>two research institutes:<\/p>\n\n\n\n<p class=\"has-white-color has-text-color\">jj<\/p>\n\n\n<div class=\"wp-block-image\">\n<figure class=\"alignleft size-large is-resized\"><img decoding=\"async\" loading=\"lazy\" src=\"https:\/\/metaspin.c2n.universite-paris-saclay.fr\/wp-content\/uploads\/2023\/01\/cnr-1-1024x432.png\" alt=\"\" class=\"wp-image-126\" width=\"276\" height=\"116\" srcset=\"https:\/\/metaspin.c2n.universite-paris-saclay.fr\/wp-content\/uploads\/2023\/01\/cnr-1-1024x432.png 1024w, https:\/\/metaspin.c2n.universite-paris-saclay.fr\/wp-content\/uploads\/2023\/01\/cnr-1-300x127.png 300w, https:\/\/metaspin.c2n.universite-paris-saclay.fr\/wp-content\/uploads\/2023\/01\/cnr-1-768x324.png 768w, https:\/\/metaspin.c2n.universite-paris-saclay.fr\/wp-content\/uploads\/2023\/01\/cnr-1-612x258.png 612w, https:\/\/metaspin.c2n.universite-paris-saclay.fr\/wp-content\/uploads\/2023\/01\/cnr-1-1224x516.png 1224w, https:\/\/metaspin.c2n.universite-paris-saclay.fr\/wp-content\/uploads\/2023\/01\/cnr-1-936x395.png 936w, https:\/\/metaspin.c2n.universite-paris-saclay.fr\/wp-content\/uploads\/2023\/01\/cnr-1-720x304.png 720w, https:\/\/metaspin.c2n.universite-paris-saclay.fr\/wp-content\/uploads\/2023\/01\/cnr-1.png 1297w\" sizes=\"(max-width: 276px) 100vw, 276px\" \/><figcaption class=\"has-white-color has-text-color\">jj<\/figcaption><\/figure><\/div>\n\n\n<p>Alessio Lamperti<\/p>\n\n\n\n<p>Sabina Spiga<\/p>\n\n\n\n<p>Roberto Mantovan<\/p>\n\n\n\n<p><a href=\"https:\/\/www.cnr.it\/en\">Consiglio Nazionale delle Ricerche<\/a><\/p>\n\n\n\n<p class=\"has-white-color has-text-color\">jj<\/p>\n\n\n\n<p><\/p>\n\n\n<div class=\"wp-block-image\">\n<figure class=\"alignleft size-large is-resized\"><img decoding=\"async\" loading=\"lazy\" src=\"https:\/\/metaspin.c2n.universite-paris-saclay.fr\/wp-content\/uploads\/2023\/01\/FZJ-1024x293.png\" alt=\"\" class=\"wp-image-129\" width=\"275\" height=\"79\" srcset=\"https:\/\/metaspin.c2n.universite-paris-saclay.fr\/wp-content\/uploads\/2023\/01\/FZJ-1024x293.png 1024w, https:\/\/metaspin.c2n.universite-paris-saclay.fr\/wp-content\/uploads\/2023\/01\/FZJ-300x86.png 300w, https:\/\/metaspin.c2n.universite-paris-saclay.fr\/wp-content\/uploads\/2023\/01\/FZJ-768x220.png 768w, https:\/\/metaspin.c2n.universite-paris-saclay.fr\/wp-content\/uploads\/2023\/01\/FZJ-612x175.png 612w, https:\/\/metaspin.c2n.universite-paris-saclay.fr\/wp-content\/uploads\/2023\/01\/FZJ-1224x351.png 1224w, https:\/\/metaspin.c2n.universite-paris-saclay.fr\/wp-content\/uploads\/2023\/01\/FZJ-936x268.png 936w, https:\/\/metaspin.c2n.universite-paris-saclay.fr\/wp-content\/uploads\/2023\/01\/FZJ-720x206.png 720w, https:\/\/metaspin.c2n.universite-paris-saclay.fr\/wp-content\/uploads\/2023\/01\/FZJ.png 1309w\" sizes=\"(max-width: 275px) 100vw, 275px\" \/><\/figure><\/div>\n\n\n<p>Emre Neftci<\/p>\n\n\n\n<p><a href=\"https:\/\/www.fz-juelich.de\/de\">Forschungzentrum J\u00fclich<\/a><\/p>\n\n\n\n<p class=\"has-white-color has-text-color\">jj<\/p>\n\n\n\n<p class=\"has-white-color has-text-color\">jj<\/p>\n\n\n\n<p><\/p>\n\n\n\n<p>and three science and technology companies:<\/p>\n\n\n\n<p class=\"has-white-color has-text-color\">j<\/p>\n\n\n\n<p><\/p>\n\n\n<div class=\"wp-block-image\">\n<figure class=\"alignleft size-full is-resized\"><img decoding=\"async\" loading=\"lazy\" src=\"https:\/\/metaspin.c2n.universite-paris-saclay.fr\/wp-content\/uploads\/2023\/01\/SpinIonLogo.jpg\" alt=\"\" class=\"wp-image-131\" width=\"274\" height=\"60\" srcset=\"https:\/\/metaspin.c2n.universite-paris-saclay.fr\/wp-content\/uploads\/2023\/01\/SpinIonLogo.jpg 476w, https:\/\/metaspin.c2n.universite-paris-saclay.fr\/wp-content\/uploads\/2023\/01\/SpinIonLogo-300x67.jpg 300w\" sizes=\"(max-width: 274px) 100vw, 274px\" \/><\/figure><\/div>\n\n\n<p>Elmer Monteblanco<\/p>\n\n\n\n<p><a href=\"https:\/\/www.spin-ion.com\/\">Spin-Ion Technologies<\/a><\/p>\n\n\n\n<p class=\"has-white-color has-text-color\">jj<\/p>\n\n\n\n<p><\/p>\n\n\n<div class=\"wp-block-image\">\n<figure class=\"alignleft size-large is-resized\"><img decoding=\"async\" loading=\"lazy\" src=\"https:\/\/metaspin.c2n.universite-paris-saclay.fr\/wp-content\/uploads\/2023\/01\/Hawai-1-1024x437.png\" alt=\"\" class=\"wp-image-179\" width=\"277\" height=\"118\" srcset=\"https:\/\/metaspin.c2n.universite-paris-saclay.fr\/wp-content\/uploads\/2023\/01\/Hawai-1-1024x437.png 1024w, https:\/\/metaspin.c2n.universite-paris-saclay.fr\/wp-content\/uploads\/2023\/01\/Hawai-1-300x128.png 300w, https:\/\/metaspin.c2n.universite-paris-saclay.fr\/wp-content\/uploads\/2023\/01\/Hawai-1-768x328.png 768w, https:\/\/metaspin.c2n.universite-paris-saclay.fr\/wp-content\/uploads\/2023\/01\/Hawai-1-1536x655.png 1536w, https:\/\/metaspin.c2n.universite-paris-saclay.fr\/wp-content\/uploads\/2023\/01\/Hawai-1-612x261.png 612w, https:\/\/metaspin.c2n.universite-paris-saclay.fr\/wp-content\/uploads\/2023\/01\/Hawai-1-1224x522.png 1224w, https:\/\/metaspin.c2n.universite-paris-saclay.fr\/wp-content\/uploads\/2023\/01\/Hawai-1-936x399.png 936w, https:\/\/metaspin.c2n.universite-paris-saclay.fr\/wp-content\/uploads\/2023\/01\/Hawai-1-1872x798.png 1872w, https:\/\/metaspin.c2n.universite-paris-saclay.fr\/wp-content\/uploads\/2023\/01\/Hawai-1-1440x614.png 1440w, https:\/\/metaspin.c2n.universite-paris-saclay.fr\/wp-content\/uploads\/2023\/01\/Hawai-1-720x307.png 720w, https:\/\/metaspin.c2n.universite-paris-saclay.fr\/wp-content\/uploads\/2023\/01\/Hawai-1.png 1897w\" sizes=\"(max-width: 277px) 100vw, 277px\" \/><\/figure><\/div>\n\n\n<p>Rapha\u00ebl Laurent<\/p>\n\n\n\n<p><a href=\"https:\/\/hawai.tech\/\">HawAI.Tech<\/a><\/p>\n\n\n\n<p class=\"has-white-color has-text-color\">   jj<\/p>\n\n\n\n<p class=\"has-white-color has-text-color\">jj<\/p>\n\n\n\n<p><\/p>\n\n\n<div class=\"wp-block-image\">\n<figure class=\"alignleft size-full is-resized\"><img decoding=\"async\" loading=\"lazy\" src=\"https:\/\/metaspin.c2n.universite-paris-saclay.fr\/wp-content\/uploads\/2023\/01\/Singulus-Logo.png\" alt=\"\" class=\"wp-image-135\" width=\"277\" height=\"52\" srcset=\"https:\/\/metaspin.c2n.universite-paris-saclay.fr\/wp-content\/uploads\/2023\/01\/Singulus-Logo.png 521w, https:\/\/metaspin.c2n.universite-paris-saclay.fr\/wp-content\/uploads\/2023\/01\/Singulus-Logo-300x56.png 300w\" sizes=\"(max-width: 277px) 100vw, 277px\" \/><\/figure><\/div>\n\n\n<p>J\u00fcrgen Langer<\/p>\n\n\n\n<p><a href=\"https:\/\/www.singulus.com\/\">Singulus Technologies<\/a><\/p>\n\n\n\n<p><\/p>\n","protected":false},"excerpt":{"rendered":"<p>We will build on successful existing and previous collaborations between the partners to establish new research and technological paths. Our collaborative effort in a wide variety of disciplines will span through materials engineering, device fabrication, neuroscience, matching device physics to algorithm design and synaptic activity, and the realisation of a novel ANN demonstrator with enhanced&#8230; <a href=\"https:\/\/metaspin.c2n.universite-paris-saclay.fr\/?page_id=40\">Continue reading <span class=\"screen-reader-text\">&#8220;The consortium&#8221;<\/span><\/a><\/p>\n","protected":false},"author":5,"featured_media":0,"parent":0,"menu_order":0,"comment_status":"closed","ping_status":"closed","template":"templates\/fullwidth.php","meta":[],"_links":{"self":[{"href":"https:\/\/metaspin.c2n.universite-paris-saclay.fr\/index.php?rest_route=\/wp\/v2\/pages\/40"}],"collection":[{"href":"https:\/\/metaspin.c2n.universite-paris-saclay.fr\/index.php?rest_route=\/wp\/v2\/pages"}],"about":[{"href":"https:\/\/metaspin.c2n.universite-paris-saclay.fr\/index.php?rest_route=\/wp\/v2\/types\/page"}],"author":[{"embeddable":true,"href":"https:\/\/metaspin.c2n.universite-paris-saclay.fr\/index.php?rest_route=\/wp\/v2\/users\/5"}],"replies":[{"embeddable":true,"href":"https:\/\/metaspin.c2n.universite-paris-saclay.fr\/index.php?rest_route=%2Fwp%2Fv2%2Fcomments&post=40"}],"version-history":[{"count":57,"href":"https:\/\/metaspin.c2n.universite-paris-saclay.fr\/index.php?rest_route=\/wp\/v2\/pages\/40\/revisions"}],"predecessor-version":[{"id":204,"href":"https:\/\/metaspin.c2n.universite-paris-saclay.fr\/index.php?rest_route=\/wp\/v2\/pages\/40\/revisions\/204"}],"wp:attachment":[{"href":"https:\/\/metaspin.c2n.universite-paris-saclay.fr\/index.php?rest_route=%2Fwp%2Fv2%2Fmedia&parent=40"}],"curies":[{"name":"wp","href":"https:\/\/api.w.org\/{rel}","templated":true}]}}