{"id":43,"date":"2023-01-16T12:41:21","date_gmt":"2023-01-16T12:41:21","guid":{"rendered":"https:\/\/metaspin.c2n.universite-paris-saclay.fr\/?page_id=43"},"modified":"2025-08-04T11:38:06","modified_gmt":"2025-08-04T09:38:06","slug":"publications","status":"publish","type":"page","link":"https:\/\/metaspin.c2n.universite-paris-saclay.fr\/?page_id=43","title":{"rendered":"Publications"},"content":{"rendered":"\n<p>As METASPIN publications become available, they will be listed here below.<\/p>\n\n\n\n<p>A community of publications has also been created in the Open-AIRE repository Zenodo. It can be viewed here: <a rel=\"noreferrer noopener\" href=\"https:\/\/zenodo.org\/communities\/metaspin\" target=\"_blank\">https:\/\/zenodo.org\/communities\/metaspin<\/a><\/p>\n\n\n\n<p><strong>Magneto-ionic Control of a Propagating Spin Reorientation Transition<\/strong><\/p>\n\n\n\n<p>Guillaume Bernard Xavier Lafosse Claudia Tataru Maria-Andromachi Syskaki Alan Durnez Frederic Mahut Dafin\u00e9 Ravelosona Juergen Langer Liza Herrera Diez<\/p>\n\n\n\n<p>Nano Letters<\/p>\n\n\n\n<p>Published 29 July 2025<\/p>\n\n\n\n<p><a href=\"https:\/\/doi.org\/10.1021\/acs.nanolett.5c02735\">https:\/\/doi.org\/10.1021\/acs.nanolett.5c02735<\/a><\/p>\n\n\n\n<p><a href=\"https:\/\/zenodo.org\/records\/16631471\">https:\/\/zenodo.org\/records\/16631471<\/a><\/p>\n\n\n\n<p><strong>Exploring the full magneto-ionic oxidation spectrum in Pt\/CoFeB\/HfO<sub>2<\/sub><\/strong><\/p>\n\n\n\n<p>I. Benguettat-El Mokhtari,&nbsp;R. Pachat, V. Por\u00e9e, A. Lamperti, Y. Roussign\u00e9, M.-A. Syskaki, J. Wrona,&nbsp;G. Bernard; A. Cataldo, A. Resta,&nbsp;A. Nicolaou; S. Ono;&nbsp;S. M. Ch\u00e9rif, J. Langer, D. Ravelosona; M. Belmeguenai, A. Solignac,&nbsp;L. Herrera Diez<\/p>\n\n\n\n<p><em>Appl. Phys. Lett.<\/em>&nbsp;126, 232402 <\/p>\n\n\n\n<p>Published 9 June 2025<\/p>\n\n\n\n<p><a href=\"https:\/\/doi.org\/10.1063\/5.0270206\" target=\"_blank\" rel=\"noreferrer noopener\">https:\/\/doi.org\/10.1063\/5.0270206<\/a><\/p>\n\n\n\n<p><a href=\"https:\/\/zenodo.org\/records\/15722097\" target=\"_blank\" rel=\"noreferrer noopener\">https:\/\/zenodo.org\/records\/15722097<\/a><\/p>\n\n\n\n<p><strong>Continuous metaplastic training on brain signals<\/strong><\/p>\n\n\n\n<p>Isabelle&nbsp;Aguilar,&nbsp;Thomas&nbsp;Bersani&#8211;Veroni,&nbsp;Luis Fernando&nbsp;Herbozo Contreras,&nbsp;Armin&nbsp;Nikpour,&nbsp;Damien&nbsp;Querlioz,&nbsp; Omid&nbsp;Kavehei<\/p>\n\n\n\n<p>&nbsp;<em>npj Unconv. Comput.<\/em>&nbsp;<strong>2<\/strong>, 9 (2025)<\/p>\n\n\n\n<p>Published 21 April 2025<\/p>\n\n\n\n<p><a href=\"https:\/\/doi.org\/10.1038\/s44335-025-00025-5\" target=\"_blank\" rel=\"noreferrer noopener\">https:\/\/doi.org\/10.1038\/s44335-025-00025-5<\/a><\/p>\n\n\n\n<p><a rel=\"noreferrer noopener\" href=\"https:\/\/zenodo.org\/records\/15275278\" target=\"_blank\">https:\/\/zenodo.org\/records\/15275278<\/a><\/p>\n\n\n\n<p><strong>Unidirectional propagation of zero-momentum magnons<\/strong><\/p>\n\n\n\n<p>Ond\u0159ej Wojewoda, Jakub Holobr\u00e1dek, Dominik Pavelka, Ekaterina Pribytova, Jakub Kr\u010dma, Jan Kl\u00edma, Jaganandha Panda, Jan Michali\u010dka, Tom\u00e1\u0161 Lednick\u00fd, Andrii V. Chumak, Michal Urb\u00e1nek<\/p>\n\n\n\n<p><em>Appl. Phys. Lett.<\/em>&nbsp;<em>125, Issue 13<\/em><\/p>\n\n\n\n<p>Published 23 September 2024<\/p>\n\n\n\n<p><a href=\"https:\/\/doi.org\/10.1063\/5.0218478\">https:\/\/doi.org\/10.1063\/5.0218478<\/a><\/p>\n\n\n\n<p><a href=\"https:\/\/zenodo.org\/records\/16606838\">https:\/\/zenodo.org\/records\/16606838<\/a><\/p>\n\n\n\n<p><strong>Dynamic Control of Weight-Update Linearity in Magneto-Ionic Synapse<\/strong>s<\/p>\n\n\n\n<p>Guillaume Bernard, Kellian Cottart, Maria-Andromachi Syskaki, Victor Por\u00e9e, Andrea Resta, Alessandro Nicolaou, Alan Durnez, Shimpei Ono, Ariam Mora Hernandez, Juergen Langer, Damien Querlioz, Liza Herrera Diez<\/p>\n\n\n\n<p><em>Nano Lett.<\/em>&nbsp;2025, 25, 4, 1443\u20131450<\/p>\n\n\n\n<p>Published&nbsp;January 13, 2025<\/p>\n\n\n\n<p><a href=\"https:\/\/doi.org\/10.1021\/acs.nanolett.4c05247\">https:\/\/doi.org\/10.1021\/<\/a><a href=\"https:\/\/doi.org\/10.1021\/acs.nanolett.4c05247\" target=\"_blank\" rel=\"noreferrer noopener\">acs.nanolett<\/a><a href=\"https:\/\/doi.org\/10.1021\/acs.nanolett.4c05247\">.4c05247<\/a><\/p>\n\n\n\n<p><a href=\"https:\/\/zenodo.org\/records\/14764659\">https:\/\/zenodo.org\/records\/<\/a><a rel=\"noreferrer noopener\" href=\"https:\/\/zenodo.org\/records\/14764659\" target=\"_blank\">14764659<\/a><\/p>\n\n\n\n<p><strong>Non-oxidative mechanism in oxygen-based magneto-ionics<\/strong>. <\/p>\n\n\n\n<p>T. Bhatnagar-Schoeffmann, P. Schoeffmann, A. Resta,&nbsp;A. Lamperti, G. Bernard, A. Kovacs, L. Largeau, A. Durnez, A. Harouri, X. Laffosse, D. Ourdani, M.-A. Syskaki, Y. Roussign\u00e9, S. Ono, R. E. Dunin-Borkowski,&nbsp;J. Langer, D. Ravelosona, M. Belmeguenai, A. Solignac and&nbsp;L. Herrera Diez<\/p>\n\n\n\n<p>Adv. Mater. Interfaces 2024, 2300955.&nbsp;<\/p>\n\n\n\n<p>Published 10 March 2024<\/p>\n\n\n\n<p><a href=\"https:\/\/onlinelibrary.wiley.com\/doi\/10.1002\/admi.202300955\">https:\/\/onlinelibrary.wiley.com\/doi\/10.1002\/admi.202300955<\/a>&nbsp;&nbsp;&nbsp;<\/p>\n\n\n\n<p><a href=\"https:\/\/zenodo.org\/records\/10829376\">https:\/\/zenodo.org\/records\/10829376<\/a><\/p>\n\n\n\n<p><strong>Bayesian Metaplasticity from Synaptic Uncertainty<\/strong><\/p>\n\n\n\n<p>Djohan Bonnet, Tifenn Hirtzlin, Tarcisius Januel, Thomas Dalgaty,&nbsp;Damien Querlioz, Elisa Vianello. <\/p>\n\n\n\n<p>NeurIPS,&nbsp;MLNCP workshop, 2023<\/p>\n\n\n\n<p>Published 1 November 2023&nbsp;<\/p>\n\n\n\n<p><a href=\"https:\/\/openreview.net\/forum?id=dz27xn3dBt#\">https:\/\/openreview.net\/forum?id=dz27xn3dBt#<\/a><\/p>\n\n\n\n<p><a href=\"https:\/\/arxiv.org\/abs\/2312.10153\">https:\/\/arxiv.org\/abs\/2312.10153<\/a><\/p>\n\n\n\n<p><a href=\"https:\/\/zenodo.org\/records\/10829750\">https:\/\/zenodo.org\/records\/10829750<\/a><\/p>\n\n\n\n<p><strong>Synaptic metaplasticity with multi-level memristive devices<\/strong><\/p>\n\n\n\n<p>S. D\u2019Agostino, F. Moro, T. Hirtzlin, J. Arcamone, N. Castellani, D. Querlioz, M. Payvand and E. Vianello<\/p>\n\n\n\n<p>IEEEXplore<\/p>\n\n\n\n<p>Published 7 July 2023<\/p>\n\n\n\n<p><a href=\"https:\/\/doi.org\/10.1109\/AICAS57966.2023.10168563\" target=\"_blank\" rel=\"noreferrer noopener\">https:\/\/doi.org\/10.1109\/AICAS57966.2023.10168563<\/a><\/p>\n\n\n\n<p><a href=\"https:\/\/zenodo.org\/records\/10630651\">https:\/\/zenodo.org\/records\/10630651<\/a><\/p>\n\n\n\n<p><\/p>\n","protected":false},"excerpt":{"rendered":"<p>As METASPIN publications become available, they will be listed here below. A community of publications has also been created in the Open-AIRE repository Zenodo. It can be viewed here: https:\/\/zenodo.org\/communities\/metaspin Magneto-ionic Control of a Propagating Spin Reorientation Transition Guillaume Bernard Xavier Lafosse Claudia Tataru Maria-Andromachi Syskaki Alan Durnez Frederic Mahut Dafin\u00e9 Ravelosona Juergen Langer Liza&#8230; <a href=\"https:\/\/metaspin.c2n.universite-paris-saclay.fr\/?page_id=43\">Continue reading <span class=\"screen-reader-text\">&#8220;Publications&#8221;<\/span><\/a><\/p>\n","protected":false},"author":5,"featured_media":0,"parent":0,"menu_order":0,"comment_status":"closed","ping_status":"closed","template":"templates\/fullwidth.php","meta":[],"_links":{"self":[{"href":"https:\/\/metaspin.c2n.universite-paris-saclay.fr\/index.php?rest_route=\/wp\/v2\/pages\/43"}],"collection":[{"href":"https:\/\/metaspin.c2n.universite-paris-saclay.fr\/index.php?rest_route=\/wp\/v2\/pages"}],"about":[{"href":"https:\/\/metaspin.c2n.universite-paris-saclay.fr\/index.php?rest_route=\/wp\/v2\/types\/page"}],"author":[{"embeddable":true,"href":"https:\/\/metaspin.c2n.universite-paris-saclay.fr\/index.php?rest_route=\/wp\/v2\/users\/5"}],"replies":[{"embeddable":true,"href":"https:\/\/metaspin.c2n.universite-paris-saclay.fr\/index.php?rest_route=%2Fwp%2Fv2%2Fcomments&post=43"}],"version-history":[{"count":17,"href":"https:\/\/metaspin.c2n.universite-paris-saclay.fr\/index.php?rest_route=\/wp\/v2\/pages\/43\/revisions"}],"predecessor-version":[{"id":329,"href":"https:\/\/metaspin.c2n.universite-paris-saclay.fr\/index.php?rest_route=\/wp\/v2\/pages\/43\/revisions\/329"}],"wp:attachment":[{"href":"https:\/\/metaspin.c2n.universite-paris-saclay.fr\/index.php?rest_route=%2Fwp%2Fv2%2Fmedia&parent=43"}],"curies":[{"name":"wp","href":"https:\/\/api.w.org\/{rel}","templated":true}]}}